{"id":369,"date":"2022-02-17T18:56:43","date_gmt":"2022-02-17T17:56:43","guid":{"rendered":"http:\/\/giselez.cluster031.hosting.ovh.net\/?page_id=369"},"modified":"2022-03-08T15:48:57","modified_gmt":"2022-03-08T14:48:57","slug":"astuces","status":"publish","type":"page","link":"https:\/\/www.giselecooking.com\/index.php\/astuces\/","title":{"rendered":"ASTUCES"},"content":{"rendered":"\t\t<div data-elementor-type=\"wp-page\" data-elementor-id=\"369\" class=\"elementor elementor-369\" data-elementor-settings=\"[]\">\n\t\t\t\t\t\t<div class=\"elementor-inner\">\n\t\t\t\t\t\t\t<div class=\"elementor-section-wrap\">\n\t\t\t\t\t\t\t<section class=\"elementor-section elementor-top-section elementor-element elementor-element-278c3aa elementor-section-boxed elementor-section-height-default elementor-section-height-default\" data-id=\"278c3aa\" data-element_type=\"section\">\n\t\t\t\t\t\t<div class=\"elementor-container elementor-column-gap-default\">\n\t\t\t\t\t\t\t<div class=\"elementor-row\">\n\t\t\t\t\t<div class=\"elementor-column elementor-col-100 elementor-top-column elementor-element elementor-element-4064b6f\" data-id=\"4064b6f\" data-element_type=\"column\">\n\t\t\t<div class=\"elementor-column-wrap elementor-element-populated\">\n\t\t\t\t\t\t\t<div class=\"elementor-widget-wrap\">\n\t\t\t\t\t\t<div class=\"elementor-element elementor-element-df81538 elementor-widget elementor-widget-heading\" data-id=\"df81538\" data-element_type=\"widget\" data-widget_type=\"heading.default\">\n\t\t\t\t<div class=\"elementor-widget-container\">\n\t\t\t<h1 class=\"elementor-heading-title elementor-size-default\">Astuces<\/h1>\t\t<\/div>\n\t\t\t\t<\/div>\n\t\t\t\t\t\t<\/div>\n\t\t\t\t\t<\/div>\n\t\t<\/div>\n\t\t\t\t\t\t\t\t<\/div>\n\t\t\t\t\t<\/div>\n\t\t<\/section>\n\t\t\t\t<section class=\"elementor-section elementor-top-section elementor-element elementor-element-c84d102 elementor-section-boxed elementor-section-height-default elementor-section-height-default\" data-id=\"c84d102\" data-element_type=\"section\">\n\t\t\t\t\t\t<div class=\"elementor-container elementor-column-gap-default\">\n\t\t\t\t\t\t\t<div class=\"elementor-row\">\n\t\t\t\t\t<div class=\"elementor-column elementor-col-100 elementor-top-column elementor-element elementor-element-05f801a\" data-id=\"05f801a\" data-element_type=\"column\">\n\t\t\t<div class=\"elementor-column-wrap elementor-element-populated\">\n\t\t\t\t\t\t\t<div class=\"elementor-widget-wrap\">\n\t\t\t\t\t\t<div class=\"elementor-element elementor-element-26dae24 elementor-grid-3 elementor-grid-tablet-2 elementor-grid-mobile-1 elementor-posts--thumbnail-top elementor-card-shadow-yes elementor-posts__hover-gradient elementor-widget elementor-widget-posts\" data-id=\"26dae24\" data-element_type=\"widget\" data-settings=\"{&quot;cards_columns&quot;:&quot;3&quot;,&quot;cards_columns_tablet&quot;:&quot;2&quot;,&quot;cards_columns_mobile&quot;:&quot;1&quot;,&quot;cards_row_gap&quot;:{&quot;unit&quot;:&quot;px&quot;,&quot;size&quot;:35,&quot;sizes&quot;:[]}}\" data-widget_type=\"posts.cards\">\n\t\t\t\t<div class=\"elementor-widget-container\">\n\t\t\t\t\t<div class=\"elementor-posts-container elementor-posts elementor-posts--skin-cards elementor-grid\">\n\t\t\t\t<article class=\"elementor-post elementor-grid-item post-214 post type-post status-publish format-standard has-post-thumbnail hentry category-astuces\">\n\t\t\t<div class=\"elementor-post__card\">\n\t\t\t\t<a class=\"elementor-post__thumbnail__link\" href=\"https:\/\/www.giselecooking.com\/index.php\/2022\/02\/11\/astuces-riz-rouges\/\" >\n\t\t\t<div class=\"elementor-post__thumbnail\"><img loading=\"lazy\" decoding=\"async\" width=\"300\" height=\"300\" src=\"https:\/\/www.giselecooking.com\/wp-content\/uploads\/2022\/02\/Riz-Rouge-Gisele-Cooking-300x300.jpg\" class=\"attachment-medium size-medium\" alt=\"Riz Rouge Gisele Cooking\" srcset=\"https:\/\/www.giselecooking.com\/wp-content\/uploads\/2022\/02\/Riz-Rouge-Gisele-Cooking-300x300.jpg 300w, https:\/\/www.giselecooking.com\/wp-content\/uploads\/2022\/02\/Riz-Rouge-Gisele-Cooking-150x150.jpg 150w, https:\/\/www.giselecooking.com\/wp-content\/uploads\/2022\/02\/Riz-Rouge-Gisele-Cooking.jpg 600w\" sizes=\"auto, (max-width: 300px) 100vw, 300px\" \/><\/div>\n\t\t<\/a>\n\t\t\t\t<div class=\"elementor-post__badge\">Astuces<\/div>\n\t\t\t\t<div class=\"elementor-post__text\">\n\t\t\t\t<h3 class=\"elementor-post__title\">\n\t\t\t<a href=\"https:\/\/www.giselecooking.com\/index.php\/2022\/02\/11\/astuces-riz-rouges\/\" >\n\t\t\t\tASTUCES RIZ ROUGES\t\t\t<\/a>\n\t\t<\/h3>\n\t\t\t\t<div class=\"elementor-post__excerpt\">\n\t\t\t<p>Pourtant, le riz rouge est \u00e9galement consomm\u00e9 en Afrique Centrale. Je vous partage mes deux astuces pour le r\u00e9ussir \u00e0 la perfection.<\/p>\n\t\t<\/div>\n\t\t\t\t\t<a class=\"elementor-post__read-more\" href=\"https:\/\/www.giselecooking.com\/index.php\/2022\/02\/11\/astuces-riz-rouges\/\" >\n\t\t\t\tRead More \u00bb\t\t\t<\/a>\n\t\t\t\t<\/div>\n\t\t\t\t<div class=\"elementor-post__meta-data\">\n\t\t\t\t\t<span class=\"elementor-post-date\">\n\t\t\t11 f\u00e9vrier 2022\t\t<\/span>\n\t\t\t\t<\/div>\n\t\t\t\t\t<\/div>\n\t\t<\/article>\n\t\t\t\t<article class=\"elementor-post elementor-grid-item post-210 post type-post status-publish format-standard has-post-thumbnail hentry category-astuces\">\n\t\t\t<div class=\"elementor-post__card\">\n\t\t\t\t<a class=\"elementor-post__thumbnail__link\" href=\"https:\/\/www.giselecooking.com\/index.php\/2022\/02\/11\/astuces-samoussas\/\" >\n\t\t\t<div class=\"elementor-post__thumbnail\"><img loading=\"lazy\" decoding=\"async\" width=\"270\" height=\"300\" src=\"https:\/\/www.giselecooking.com\/wp-content\/uploads\/2022\/02\/Gisele-Cooking-Samoussas-270x300.jpg\" class=\"attachment-medium size-medium\" alt=\"Gisele Cooking Samoussas\" srcset=\"https:\/\/www.giselecooking.com\/wp-content\/uploads\/2022\/02\/Gisele-Cooking-Samoussas-270x300.jpg 270w, https:\/\/www.giselecooking.com\/wp-content\/uploads\/2022\/02\/Gisele-Cooking-Samoussas.jpg 539w\" sizes=\"auto, (max-width: 270px) 100vw, 270px\" \/><\/div>\n\t\t<\/a>\n\t\t\t\t<div class=\"elementor-post__badge\">Astuces<\/div>\n\t\t\t\t<div class=\"elementor-post__text\">\n\t\t\t\t<h3 class=\"elementor-post__title\">\n\t\t\t<a href=\"https:\/\/www.giselecooking.com\/index.php\/2022\/02\/11\/astuces-samoussas\/\" >\n\t\t\t\tASTUCES SAMOUSSAS\t\t\t<\/a>\n\t\t<\/h3>\n\t\t\t\t<div class=\"elementor-post__excerpt\">\n\t\t\t<p>Voici mes 3 astuces pour obtenir des jolis samoussas croustillants.<\/p>\n\t\t<\/div>\n\t\t\t\t\t<a class=\"elementor-post__read-more\" href=\"https:\/\/www.giselecooking.com\/index.php\/2022\/02\/11\/astuces-samoussas\/\" >\n\t\t\t\tRead More \u00bb\t\t\t<\/a>\n\t\t\t\t<\/div>\n\t\t\t\t<div class=\"elementor-post__meta-data\">\n\t\t\t\t\t<span class=\"elementor-post-date\">\n\t\t\t11 f\u00e9vrier 2022\t\t<\/span>\n\t\t\t\t<\/div>\n\t\t\t\t\t<\/div>\n\t\t<\/article>\n\t\t\t\t<\/div>\n\t\t\t\t<\/div>\n\t\t\t\t<\/div>\n\t\t\t\t\t\t<\/div>\n\t\t\t\t\t<\/div>\n\t\t<\/div>\n\t\t\t\t\t\t\t\t<\/div>\n\t\t\t\t\t<\/div>\n\t\t<\/section>\n\t\t\t\t<section class=\"elementor-section elementor-top-section elementor-element elementor-element-fa815bc elementor-section-boxed elementor-section-height-default elementor-section-height-default\" data-id=\"fa815bc\" data-element_type=\"section\">\n\t\t\t\t\t\t<div class=\"elementor-container elementor-column-gap-default\">\n\t\t\t\t\t\t\t<div class=\"elementor-row\">\n\t\t\t\t\t<div class=\"elementor-column elementor-col-100 elementor-top-column elementor-element elementor-element-169d0eb\" data-id=\"169d0eb\" data-element_type=\"column\">\n\t\t\t<div class=\"elementor-column-wrap\">\n\t\t\t\t\t\t\t<div class=\"elementor-widget-wrap\">\n\t\t\t\t\t\t\t\t<\/div>\n\t\t\t\t\t<\/div>\n\t\t<\/div>\n\t\t\t\t\t\t\t\t<\/div>\n\t\t\t\t\t<\/div>\n\t\t<\/section>\n\t\t\t\t<section class=\"elementor-section elementor-top-section elementor-element elementor-element-5f51c7f elementor-section-content-middle elementor-section-boxed elementor-section-height-default elementor-section-height-default\" data-id=\"5f51c7f\" data-element_type=\"section\">\n\t\t\t\t\t\t<div class=\"elementor-container elementor-column-gap-no\">\n\t\t\t\t\t\t\t<div class=\"elementor-row\">\n\t\t\t\t\t<div class=\"elementor-column elementor-col-100 elementor-top-column elementor-element elementor-element-e50cba9\" data-id=\"e50cba9\" data-element_type=\"column\">\n\t\t\t<div class=\"elementor-column-wrap elementor-element-populated\">\n\t\t\t\t\t\t\t<div class=\"elementor-widget-wrap\">\n\t\t\t\t\t\t<div class=\"elementor-element elementor-element-94ff3aa elementor-widget elementor-widget-heading\" data-id=\"94ff3aa\" data-element_type=\"widget\" data-widget_type=\"heading.default\">\n\t\t\t\t<div class=\"elementor-widget-container\">\n\t\t\t<h5 class=\"elementor-heading-title elementor-size-default\">Embarquez avec moi dans ce vol culinaire:<\/h5>\t\t<\/div>\n\t\t\t\t<\/div>\n\t\t\t\t<div class=\"elementor-element elementor-element-0e465ae elementor-widget elementor-widget-heading\" data-id=\"0e465ae\" data-element_type=\"widget\" data-widget_type=\"heading.default\">\n\t\t\t\t<div class=\"elementor-widget-container\">\n\t\t\t<h4 class=\"elementor-heading-title elementor-size-default\"><a href=\"http:\/\/contact@giselecooking.com\u200b\">contact@giselecooking.com<\/a><\/h4>\t\t<\/div>\n\t\t\t\t<\/div>\n\t\t\t\t<div class=\"elementor-element elementor-element-2d5182b elementor-widget elementor-widget-wp-widget-zoom-social-icons-widget\" data-id=\"2d5182b\" data-element_type=\"widget\" data-widget_type=\"wp-widget-zoom-social-icons-widget.default\">\n\t\t\t\t<div class=\"elementor-widget-container\">\n\t\t\t\n\t\t\n<ul class=\"zoom-social-icons-list zoom-social-icons-list--without-canvas zoom-social-icons-list--round zoom-social-icons-list--align-center zoom-social-icons-list--no-labels\">\n\n\t\t\n\t\t\t\t<li class=\"zoom-social_icons-list__item\">\n\t\t<a class=\"zoom-social_icons-list__link\" href=\"https:\/\/www.facebook.com\/GiseleCooking\" target=\"_blank\" title=\"Facebook\" >\n\t\t\t\t\t\t\t\t\t\n\t\t\t\t\t\t<span class=\"screen-reader-text\">facebook<\/span>\n\t\t\t\n\t\t\t\t\t\t<span class=\"zoom-social_icons-list-span social-icon socicon socicon-facebook\" data-hover-rule=\"color\" data-hover-color=\"#a45857\" style=\"color : #3b5998; font-size: 26px; padding:5px\" ><\/span>\n\t\t\t\n\t\t\t\t\t<\/a>\n\t<\/li>\n\n\t\n\t\t\t\t<li class=\"zoom-social_icons-list__item\">\n\t\t<a class=\"zoom-social_icons-list__link\" href=\"https:\/\/www.instagram.com\/gisele_cooking\/\" target=\"_blank\" title=\"Twitter\" >\n\t\t\t\t\t\t\t\t\t\n\t\t\t\t\t\t<span class=\"screen-reader-text\">instagram<\/span>\n\t\t\t\n\t\t\t\t\t\t<span class=\"zoom-social_icons-list-span social-icon socicon socicon-instagram\" data-hover-rule=\"color\" data-hover-color=\"#a45857\" style=\"color : #e4405f; font-size: 26px; padding:5px\" ><\/span>\n\t\t\t\n\t\t\t\t\t<\/a>\n\t<\/li>\n\n\t\n\t\t\t\t<li class=\"zoom-social_icons-list__item\">\n\t\t<a class=\"zoom-social_icons-list__link\" href=\"https:\/\/www.tiktok.com\/@gisele_cooking.5\" target=\"_blank\" title=\"Instagram\" >\n\t\t\t\t\t\t\t\t\t\n\t\t\t\t\t\t<span class=\"screen-reader-text\">tiktok<\/span>\n\t\t\t\n\t\t\t\t\t\t<span class=\"zoom-social_icons-list-span social-icon socicon socicon-tiktok\" data-hover-rule=\"color\" data-hover-color=\"#a45857\" style=\"color : #000000; font-size: 26px; padding:5px\" ><\/span>\n\t\t\t\n\t\t\t\t\t<\/a>\n\t<\/li>\n\n\t\n<\/ul>\n\n\t\t\t\t<\/div>\n\t\t\t\t<\/div>\n\t\t\t\t\t\t<\/div>\n\t\t\t\t\t<\/div>\n\t\t<\/div>\n\t\t\t\t\t\t\t\t<\/div>\n\t\t\t\t\t<\/div>\n\t\t<\/section>\n\t\t\t\t\t\t<\/div>\n\t\t\t\t\t\t<\/div>\n\t\t\t\t\t<\/div>\n\t\t","protected":false},"excerpt":{"rendered":"<p>Astuces Embarquez avec moi dans ce vol culinaire: contact@giselecooking.com<\/p>\n","protected":false},"author":1,"featured_media":0,"parent":0,"menu_order":0,"comment_status":"closed","ping_status":"closed","template":"","meta":{"footnotes":""},"class_list":["post-369","page","type-page","status-publish","hentry"],"yoast_head":"<!-- This site is optimized with the Yoast SEO plugin v20.3 - https:\/\/yoast.com\/wordpress\/plugins\/seo\/ -->\n<title>ASTUCES - Gisele Cooking<\/title>\n<meta name=\"robots\" content=\"index, follow, max-snippet:-1, max-image-preview:large, max-video-preview:-1\" \/>\n<link rel=\"canonical\" href=\"http:\/\/www.giselecooking.com\/index.php\/astuces\/\" \/>\n<meta property=\"og:locale\" content=\"fr_FR\" \/>\n<meta property=\"og:type\" content=\"article\" \/>\n<meta property=\"og:title\" content=\"ASTUCES - Gisele Cooking\" \/>\n<meta property=\"og:description\" content=\"Astuces Embarquez avec moi dans ce vol culinaire: contact@giselecooking.com\" \/>\n<meta property=\"og:url\" content=\"http:\/\/www.giselecooking.com\/index.php\/astuces\/\" \/>\n<meta property=\"og:site_name\" content=\"Gisele Cooking\" \/>\n<meta property=\"article:modified_time\" content=\"2022-03-08T14:48:57+00:00\" \/>\n<meta name=\"twitter:card\" content=\"summary_large_image\" \/>\n<script type=\"application\/ld+json\" class=\"yoast-schema-graph\">{\"@context\":\"https:\/\/schema.org\",\"@graph\":[{\"@type\":\"WebPage\",\"@id\":\"http:\/\/www.giselecooking.com\/index.php\/astuces\/\",\"url\":\"http:\/\/www.giselecooking.com\/index.php\/astuces\/\",\"name\":\"ASTUCES - Gisele Cooking\",\"isPartOf\":{\"@id\":\"http:\/\/www.giselecooking.com\/#website\"},\"datePublished\":\"2022-02-17T17:56:43+00:00\",\"dateModified\":\"2022-03-08T14:48:57+00:00\",\"breadcrumb\":{\"@id\":\"http:\/\/www.giselecooking.com\/index.php\/astuces\/#breadcrumb\"},\"inLanguage\":\"fr-FR\",\"potentialAction\":[{\"@type\":\"ReadAction\",\"target\":[\"http:\/\/www.giselecooking.com\/index.php\/astuces\/\"]}]},{\"@type\":\"BreadcrumbList\",\"@id\":\"http:\/\/www.giselecooking.com\/index.php\/astuces\/#breadcrumb\",\"itemListElement\":[{\"@type\":\"ListItem\",\"position\":1,\"name\":\"Accueil\",\"item\":\"http:\/\/www.giselecooking.com\/\"},{\"@type\":\"ListItem\",\"position\":2,\"name\":\"ASTUCES\"}]},{\"@type\":\"WebSite\",\"@id\":\"http:\/\/www.giselecooking.com\/#website\",\"url\":\"http:\/\/www.giselecooking.com\/\",\"name\":\"Gisele Cooking\",\"description\":\"\",\"publisher\":{\"@id\":\"http:\/\/www.giselecooking.com\/#organization\"},\"potentialAction\":[{\"@type\":\"SearchAction\",\"target\":{\"@type\":\"EntryPoint\",\"urlTemplate\":\"http:\/\/www.giselecooking.com\/?s={search_term_string}\"},\"query-input\":\"required name=search_term_string\"}],\"inLanguage\":\"fr-FR\"},{\"@type\":\"Organization\",\"@id\":\"http:\/\/www.giselecooking.com\/#organization\",\"name\":\"Gisele Cooking\",\"url\":\"http:\/\/www.giselecooking.com\/\",\"logo\":{\"@type\":\"ImageObject\",\"inLanguage\":\"fr-FR\",\"@id\":\"http:\/\/www.giselecooking.com\/#\/schema\/logo\/image\/\",\"url\":\"https:\/\/www.giselecooking.com\/wp-content\/uploads\/2022\/02\/cropped-Gisele-Cooking-Logo-Web-1.png\",\"contentUrl\":\"https:\/\/www.giselecooking.com\/wp-content\/uploads\/2022\/02\/cropped-Gisele-Cooking-Logo-Web-1.png\",\"width\":400,\"height\":283,\"caption\":\"Gisele Cooking\"},\"image\":{\"@id\":\"http:\/\/www.giselecooking.com\/#\/schema\/logo\/image\/\"}}]}<\/script>\n<!-- \/ Yoast SEO plugin. -->","yoast_head_json":{"title":"ASTUCES - Gisele Cooking","robots":{"index":"index","follow":"follow","max-snippet":"max-snippet:-1","max-image-preview":"max-image-preview:large","max-video-preview":"max-video-preview:-1"},"canonical":"http:\/\/www.giselecooking.com\/index.php\/astuces\/","og_locale":"fr_FR","og_type":"article","og_title":"ASTUCES - Gisele Cooking","og_description":"Astuces Embarquez avec moi dans ce vol culinaire: contact@giselecooking.com","og_url":"http:\/\/www.giselecooking.com\/index.php\/astuces\/","og_site_name":"Gisele Cooking","article_modified_time":"2022-03-08T14:48:57+00:00","twitter_card":"summary_large_image","schema":{"@context":"https:\/\/schema.org","@graph":[{"@type":"WebPage","@id":"http:\/\/www.giselecooking.com\/index.php\/astuces\/","url":"http:\/\/www.giselecooking.com\/index.php\/astuces\/","name":"ASTUCES - Gisele Cooking","isPartOf":{"@id":"http:\/\/www.giselecooking.com\/#website"},"datePublished":"2022-02-17T17:56:43+00:00","dateModified":"2022-03-08T14:48:57+00:00","breadcrumb":{"@id":"http:\/\/www.giselecooking.com\/index.php\/astuces\/#breadcrumb"},"inLanguage":"fr-FR","potentialAction":[{"@type":"ReadAction","target":["http:\/\/www.giselecooking.com\/index.php\/astuces\/"]}]},{"@type":"BreadcrumbList","@id":"http:\/\/www.giselecooking.com\/index.php\/astuces\/#breadcrumb","itemListElement":[{"@type":"ListItem","position":1,"name":"Accueil","item":"http:\/\/www.giselecooking.com\/"},{"@type":"ListItem","position":2,"name":"ASTUCES"}]},{"@type":"WebSite","@id":"http:\/\/www.giselecooking.com\/#website","url":"http:\/\/www.giselecooking.com\/","name":"Gisele Cooking","description":"","publisher":{"@id":"http:\/\/www.giselecooking.com\/#organization"},"potentialAction":[{"@type":"SearchAction","target":{"@type":"EntryPoint","urlTemplate":"http:\/\/www.giselecooking.com\/?s={search_term_string}"},"query-input":"required name=search_term_string"}],"inLanguage":"fr-FR"},{"@type":"Organization","@id":"http:\/\/www.giselecooking.com\/#organization","name":"Gisele Cooking","url":"http:\/\/www.giselecooking.com\/","logo":{"@type":"ImageObject","inLanguage":"fr-FR","@id":"http:\/\/www.giselecooking.com\/#\/schema\/logo\/image\/","url":"https:\/\/www.giselecooking.com\/wp-content\/uploads\/2022\/02\/cropped-Gisele-Cooking-Logo-Web-1.png","contentUrl":"https:\/\/www.giselecooking.com\/wp-content\/uploads\/2022\/02\/cropped-Gisele-Cooking-Logo-Web-1.png","width":400,"height":283,"caption":"Gisele Cooking"},"image":{"@id":"http:\/\/www.giselecooking.com\/#\/schema\/logo\/image\/"}}]}},"_links":{"self":[{"href":"https:\/\/www.giselecooking.com\/index.php\/wp-json\/wp\/v2\/pages\/369","targetHints":{"allow":["GET"]}}],"collection":[{"href":"https:\/\/www.giselecooking.com\/index.php\/wp-json\/wp\/v2\/pages"}],"about":[{"href":"https:\/\/www.giselecooking.com\/index.php\/wp-json\/wp\/v2\/types\/page"}],"author":[{"embeddable":true,"href":"https:\/\/www.giselecooking.com\/index.php\/wp-json\/wp\/v2\/users\/1"}],"replies":[{"embeddable":true,"href":"https:\/\/www.giselecooking.com\/index.php\/wp-json\/wp\/v2\/comments?post=369"}],"version-history":[{"count":11,"href":"https:\/\/www.giselecooking.com\/index.php\/wp-json\/wp\/v2\/pages\/369\/revisions"}],"predecessor-version":[{"id":762,"href":"https:\/\/www.giselecooking.com\/index.php\/wp-json\/wp\/v2\/pages\/369\/revisions\/762"}],"wp:attachment":[{"href":"https:\/\/www.giselecooking.com\/index.php\/wp-json\/wp\/v2\/media?parent=369"}],"curies":[{"name":"wp","href":"https:\/\/api.w.org\/{rel}","templated":true}]}}