{"id":539,"date":"2022-02-25T17:09:36","date_gmt":"2022-02-25T16:09:36","guid":{"rendered":"http:\/\/giselez.cluster031.hosting.ovh.net\/?page_id=539"},"modified":"2025-08-27T19:41:15","modified_gmt":"2025-08-27T17:41:15","slug":"feculents","status":"publish","type":"page","link":"https:\/\/www.giselecooking.com\/index.php\/feculents\/","title":{"rendered":"F\u00e9culents"},"content":{"rendered":"\t\t<div data-elementor-type=\"wp-page\" data-elementor-id=\"539\" class=\"elementor elementor-539\" data-elementor-settings=\"[]\">\n\t\t\t\t\t\t<div class=\"elementor-inner\">\n\t\t\t\t\t\t\t<div class=\"elementor-section-wrap\">\n\t\t\t\t\t\t\t<section class=\"elementor-section elementor-top-section elementor-element elementor-element-a4f4534 elementor-section-boxed elementor-section-height-default elementor-section-height-default\" data-id=\"a4f4534\" data-element_type=\"section\">\n\t\t\t\t\t\t<div class=\"elementor-container elementor-column-gap-default\">\n\t\t\t\t\t\t\t<div class=\"elementor-row\">\n\t\t\t\t\t<div class=\"elementor-column elementor-col-100 elementor-top-column elementor-element elementor-element-9ff3387\" data-id=\"9ff3387\" data-element_type=\"column\">\n\t\t\t<div class=\"elementor-column-wrap elementor-element-populated\">\n\t\t\t\t\t\t\t<div class=\"elementor-widget-wrap\">\n\t\t\t\t\t\t<div class=\"elementor-element elementor-element-95e8a45 elementor-nav-menu__align-center elementor-nav-menu--indicator-none elementor-nav-menu--dropdown-tablet elementor-nav-menu__text-align-aside elementor-nav-menu--toggle elementor-nav-menu--burger elementor-widget elementor-widget-nav-menu\" data-id=\"95e8a45\" data-element_type=\"widget\" data-settings=\"{&quot;layout&quot;:&quot;horizontal&quot;,&quot;toggle&quot;:&quot;burger&quot;}\" data-widget_type=\"nav-menu.default\">\n\t\t\t\t<div class=\"elementor-widget-container\">\n\t\t\t\t\t\t<nav role=\"navigation\" class=\"elementor-nav-menu--main elementor-nav-menu__container elementor-nav-menu--layout-horizontal e--pointer-underline e--animation-grow\"><ul id=\"menu-1-95e8a45\" class=\"elementor-nav-menu\"><li class=\"menu-item menu-item-type-post_type menu-item-object-page menu-item-517\"><a href=\"https:\/\/www.giselecooking.com\/index.php\/poissons-fruits-de-mer\/\" class=\"elementor-item\">Poissons &#038; fruits de mer<\/a><\/li>\n<li class=\"menu-item menu-item-type-post_type menu-item-object-page menu-item-518\"><a href=\"https:\/\/www.giselecooking.com\/index.php\/poissons-fruits-de-mer-2\/\" class=\"elementor-item\">Viandes<\/a><\/li>\n<li class=\"menu-item menu-item-type-post_type menu-item-object-page menu-item-559\"><a href=\"https:\/\/www.giselecooking.com\/index.php\/volailles\/\" class=\"elementor-item\">Volailles<\/a><\/li>\n<li class=\"menu-item menu-item-type-post_type menu-item-object-page menu-item-560\"><a href=\"https:\/\/www.giselecooking.com\/index.php\/legumineuses-legumes\/\" class=\"elementor-item\">L\u00e9gumineuses &#038; l\u00e9gumes<\/a><\/li>\n<li class=\"menu-item menu-item-type-post_type menu-item-object-page menu-item-558\"><a href=\"https:\/\/www.giselecooking.com\/index.php\/feculents\/\" class=\"elementor-item\">F\u00e9culents<\/a><\/li>\n<li class=\"menu-item menu-item-type-post_type menu-item-object-page menu-item-557\"><a href=\"https:\/\/www.giselecooking.com\/index.php\/amuses-bouches\/\" class=\"elementor-item\">Amuses bouches<\/a><\/li>\n<li class=\"menu-item menu-item-type-custom menu-item-object-custom menu-item-has-children menu-item-561\"><a href=\"#\" class=\"elementor-item elementor-item-anchor\">Autres<\/a>\n<ul class=\"sub-menu elementor-nav-menu--dropdown\">\n\t<li class=\"menu-item menu-item-type-post_type menu-item-object-page menu-item-556\"><a href=\"https:\/\/www.giselecooking.com\/index.php\/pastas\/\" class=\"elementor-sub-item\">Pastas<\/a><\/li>\n\t<li class=\"menu-item menu-item-type-post_type menu-item-object-page menu-item-555\"><a href=\"https:\/\/www.giselecooking.com\/index.php\/patisserie-desserts\/\" class=\"elementor-sub-item\">P\u00e2tisserie &#038; desserts<\/a><\/li>\n\t<li class=\"menu-item menu-item-type-post_type menu-item-object-page menu-item-554\"><a href=\"https:\/\/www.giselecooking.com\/index.php\/boissons-2\/\" class=\"elementor-sub-item\">Boissons<\/a><\/li>\n<\/ul>\n<\/li>\n<\/ul><\/nav>\n\t\t\t\t\t<div class=\"elementor-menu-toggle\" role=\"button\" tabindex=\"0\" aria-label=\"Menu Toggle\" aria-expanded=\"false\">\n\t\t\t<i class=\"eicon-menu-bar\" aria-hidden=\"true\"><\/i>\n\t\t\t<span class=\"elementor-screen-only\">Menu<\/span>\n\t\t<\/div>\n\t\t\t<nav class=\"elementor-nav-menu--dropdown elementor-nav-menu__container\" role=\"navigation\" aria-hidden=\"true\"><ul id=\"menu-2-95e8a45\" class=\"elementor-nav-menu\"><li class=\"menu-item menu-item-type-post_type menu-item-object-page menu-item-517\"><a href=\"https:\/\/www.giselecooking.com\/index.php\/poissons-fruits-de-mer\/\" class=\"elementor-item\">Poissons &#038; fruits de mer<\/a><\/li>\n<li class=\"menu-item menu-item-type-post_type menu-item-object-page menu-item-518\"><a href=\"https:\/\/www.giselecooking.com\/index.php\/poissons-fruits-de-mer-2\/\" class=\"elementor-item\">Viandes<\/a><\/li>\n<li class=\"menu-item menu-item-type-post_type menu-item-object-page menu-item-559\"><a href=\"https:\/\/www.giselecooking.com\/index.php\/volailles\/\" class=\"elementor-item\">Volailles<\/a><\/li>\n<li class=\"menu-item menu-item-type-post_type menu-item-object-page menu-item-560\"><a href=\"https:\/\/www.giselecooking.com\/index.php\/legumineuses-legumes\/\" class=\"elementor-item\">L\u00e9gumineuses &#038; l\u00e9gumes<\/a><\/li>\n<li class=\"menu-item menu-item-type-post_type menu-item-object-page menu-item-558\"><a href=\"https:\/\/www.giselecooking.com\/index.php\/feculents\/\" class=\"elementor-item\">F\u00e9culents<\/a><\/li>\n<li class=\"menu-item menu-item-type-post_type menu-item-object-page menu-item-557\"><a href=\"https:\/\/www.giselecooking.com\/index.php\/amuses-bouches\/\" class=\"elementor-item\">Amuses bouches<\/a><\/li>\n<li class=\"menu-item menu-item-type-custom menu-item-object-custom menu-item-has-children menu-item-561\"><a href=\"#\" class=\"elementor-item elementor-item-anchor\">Autres<\/a>\n<ul class=\"sub-menu elementor-nav-menu--dropdown\">\n\t<li class=\"menu-item menu-item-type-post_type menu-item-object-page menu-item-556\"><a href=\"https:\/\/www.giselecooking.com\/index.php\/pastas\/\" class=\"elementor-sub-item\">Pastas<\/a><\/li>\n\t<li class=\"menu-item menu-item-type-post_type menu-item-object-page menu-item-555\"><a href=\"https:\/\/www.giselecooking.com\/index.php\/patisserie-desserts\/\" class=\"elementor-sub-item\">P\u00e2tisserie &#038; desserts<\/a><\/li>\n\t<li class=\"menu-item menu-item-type-post_type menu-item-object-page menu-item-554\"><a href=\"https:\/\/www.giselecooking.com\/index.php\/boissons-2\/\" class=\"elementor-sub-item\">Boissons<\/a><\/li>\n<\/ul>\n<\/li>\n<\/ul><\/nav>\n\t\t\t\t<\/div>\n\t\t\t\t<\/div>\n\t\t\t\t\t\t<\/div>\n\t\t\t\t\t<\/div>\n\t\t<\/div>\n\t\t\t\t\t\t\t\t<\/div>\n\t\t\t\t\t<\/div>\n\t\t<\/section>\n\t\t\t\t<section class=\"elementor-section elementor-top-section elementor-element elementor-element-c9c35c3 elementor-section-boxed elementor-section-height-default elementor-section-height-default\" data-id=\"c9c35c3\" data-element_type=\"section\">\n\t\t\t\t\t\t<div class=\"elementor-container elementor-column-gap-default\">\n\t\t\t\t\t\t\t<div class=\"elementor-row\">\n\t\t\t\t\t<div class=\"elementor-column elementor-col-100 elementor-top-column elementor-element elementor-element-8b1aeb8\" data-id=\"8b1aeb8\" data-element_type=\"column\">\n\t\t\t<div class=\"elementor-column-wrap elementor-element-populated\">\n\t\t\t\t\t\t\t<div class=\"elementor-widget-wrap\">\n\t\t\t\t\t\t<div class=\"elementor-element elementor-element-9a1491d elementor-widget elementor-widget-html\" data-id=\"9a1491d\" data-element_type=\"widget\" data-widget_type=\"html.default\">\n\t\t\t\t<div class=\"elementor-widget-container\">\n\t\t\t<div class=\"archive-box\" style=\"background-image: url('http:\/\/giselez.cluster031.hosting.ovh.net\/wp-content\/uploads\/2022\/03\/Riz-Rouge-a-la-congolaise.jpg');\">\n\t<div class=\"content-text\">\n        <h1>Cat\u00e9gorie&nbsp;: <span>F\u00e9culents<\/span><\/h1>\n            <\/div>\n<\/div>\t\t<\/div>\n\t\t\t\t<\/div>\n\t\t\t\t\t\t<\/div>\n\t\t\t\t\t<\/div>\n\t\t<\/div>\n\t\t\t\t\t\t\t\t<\/div>\n\t\t\t\t\t<\/div>\n\t\t<\/section>\n\t\t\t\t<section class=\"elementor-section elementor-top-section elementor-element elementor-element-2fd977f elementor-section-boxed elementor-section-height-default elementor-section-height-default\" data-id=\"2fd977f\" data-element_type=\"section\">\n\t\t\t\t\t\t<div class=\"elementor-container elementor-column-gap-default\">\n\t\t\t\t\t\t\t<div class=\"elementor-row\">\n\t\t\t\t\t<div class=\"elementor-column elementor-col-100 elementor-top-column elementor-element elementor-element-10ca3d2\" data-id=\"10ca3d2\" data-element_type=\"column\">\n\t\t\t<div class=\"elementor-column-wrap elementor-element-populated\">\n\t\t\t\t\t\t\t<div class=\"elementor-widget-wrap\">\n\t\t\t\t\t\t<div class=\"elementor-element elementor-element-bdc2086 elementor-grid-3 elementor-grid-tablet-2 elementor-grid-mobile-1 elementor-posts--thumbnail-top elementor-card-shadow-yes elementor-posts__hover-gradient elementor-widget elementor-widget-posts\" data-id=\"bdc2086\" data-element_type=\"widget\" data-settings=\"{&quot;cards_columns&quot;:&quot;3&quot;,&quot;cards_columns_tablet&quot;:&quot;2&quot;,&quot;cards_columns_mobile&quot;:&quot;1&quot;,&quot;cards_row_gap&quot;:{&quot;unit&quot;:&quot;px&quot;,&quot;size&quot;:35,&quot;sizes&quot;:[]}}\" data-widget_type=\"posts.cards\">\n\t\t\t\t<div class=\"elementor-widget-container\">\n\t\t\t\t\t<div class=\"elementor-posts-container elementor-posts elementor-posts--skin-cards elementor-grid\">\n\t\t\t\t<article class=\"elementor-post elementor-grid-item post-954 post type-post status-publish format-standard has-post-thumbnail hentry category-feculents\">\n\t\t\t<div class=\"elementor-post__card\">\n\t\t\t\t<a class=\"elementor-post__thumbnail__link\" href=\"https:\/\/www.giselecooking.com\/index.php\/2022\/11\/18\/lituma\/\" >\n\t\t\t<div class=\"elementor-post__thumbnail\"><img loading=\"lazy\" decoding=\"async\" width=\"240\" height=\"300\" src=\"https:\/\/www.giselecooking.com\/wp-content\/uploads\/2022\/11\/LITUMA-240x300.webp\" class=\"attachment-medium size-medium\" alt=\"\" srcset=\"https:\/\/www.giselecooking.com\/wp-content\/uploads\/2022\/11\/LITUMA-240x300.webp 240w, https:\/\/www.giselecooking.com\/wp-content\/uploads\/2022\/11\/LITUMA-819x1024.webp 819w, https:\/\/www.giselecooking.com\/wp-content\/uploads\/2022\/11\/LITUMA-768x960.webp 768w, https:\/\/www.giselecooking.com\/wp-content\/uploads\/2022\/11\/LITUMA-1229x1536.webp 1229w, https:\/\/www.giselecooking.com\/wp-content\/uploads\/2022\/11\/LITUMA.webp 1440w\" sizes=\"auto, (max-width: 240px) 100vw, 240px\" \/><\/div>\n\t\t<\/a>\n\t\t\t\t<div class=\"elementor-post__badge\">F\u00e9culents<\/div>\n\t\t\t\t<div class=\"elementor-post__text\">\n\t\t\t\t<h3 class=\"elementor-post__title\">\n\t\t\t<a href=\"https:\/\/www.giselecooking.com\/index.php\/2022\/11\/18\/lituma\/\" >\n\t\t\t\tLITUMA\t\t\t<\/a>\n\t\t<\/h3>\n\t\t\t\t<div class=\"elementor-post__excerpt\">\n\t\t\t<p>Le lituma est une sp\u00e9cialit\u00e9 congolaise \u00e0 base de bananes plantains pil\u00e9es. Il existe deux<\/p>\n\t\t<\/div>\n\t\t\t\t\t<a class=\"elementor-post__read-more\" href=\"https:\/\/www.giselecooking.com\/index.php\/2022\/11\/18\/lituma\/\" >\n\t\t\t\tLire Plus \u00bb\t\t\t<\/a>\n\t\t\t\t<\/div>\n\t\t\t\t<div class=\"elementor-post__meta-data\">\n\t\t\t\t\t<span class=\"elementor-post-date\">\n\t\t\t18 novembre 2022\t\t<\/span>\n\t\t\t\t<\/div>\n\t\t\t\t\t<\/div>\n\t\t<\/article>\n\t\t\t\t<article class=\"elementor-post elementor-grid-item post-874 post type-post status-publish format-standard has-post-thumbnail hentry category-feculents\">\n\t\t\t<div class=\"elementor-post__card\">\n\t\t\t\t<a class=\"elementor-post__thumbnail__link\" href=\"https:\/\/www.giselecooking.com\/index.php\/2022\/05\/14\/attieke-au-poisson-frit\/\" >\n\t\t\t<div class=\"elementor-post__thumbnail\"><img loading=\"lazy\" decoding=\"async\" width=\"240\" height=\"300\" src=\"https:\/\/www.giselecooking.com\/wp-content\/uploads\/2022\/05\/ATTIEKE-1-240x300.webp\" class=\"attachment-medium size-medium\" alt=\"\" srcset=\"https:\/\/www.giselecooking.com\/wp-content\/uploads\/2022\/05\/ATTIEKE-1-240x300.webp 240w, https:\/\/www.giselecooking.com\/wp-content\/uploads\/2022\/05\/ATTIEKE-1-819x1024.webp 819w, https:\/\/www.giselecooking.com\/wp-content\/uploads\/2022\/05\/ATTIEKE-1-768x960.webp 768w, https:\/\/www.giselecooking.com\/wp-content\/uploads\/2022\/05\/ATTIEKE-1-1229x1536.webp 1229w, https:\/\/www.giselecooking.com\/wp-content\/uploads\/2022\/05\/ATTIEKE-1.webp 1440w\" sizes=\"auto, (max-width: 240px) 100vw, 240px\" \/><\/div>\n\t\t<\/a>\n\t\t\t\t<div class=\"elementor-post__badge\">F\u00e9culents<\/div>\n\t\t\t\t<div class=\"elementor-post__text\">\n\t\t\t\t<h3 class=\"elementor-post__title\">\n\t\t\t<a href=\"https:\/\/www.giselecooking.com\/index.php\/2022\/05\/14\/attieke-au-poisson-frit\/\" >\n\t\t\t\tATTIEKE AU POISSON FRIT\t\t\t<\/a>\n\t\t<\/h3>\n\t\t\t\t<div class=\"elementor-post__excerpt\">\n\t\t\t<p>L&rsquo;atti\u00e9k\u00e9 ou couscous de manioc est un mets traditionnel ivoirien. Il s&rsquo;accompagne g\u00e9n\u00e9ralement de poisson,<\/p>\n\t\t<\/div>\n\t\t\t\t\t<a class=\"elementor-post__read-more\" href=\"https:\/\/www.giselecooking.com\/index.php\/2022\/05\/14\/attieke-au-poisson-frit\/\" >\n\t\t\t\tLire Plus \u00bb\t\t\t<\/a>\n\t\t\t\t<\/div>\n\t\t\t\t<div class=\"elementor-post__meta-data\">\n\t\t\t\t\t<span class=\"elementor-post-date\">\n\t\t\t14 mai 2022\t\t<\/span>\n\t\t\t\t<\/div>\n\t\t\t\t\t<\/div>\n\t\t<\/article>\n\t\t\t\t<article class=\"elementor-post elementor-grid-item post-646 post type-post status-publish format-standard has-post-thumbnail hentry category-feculents\">\n\t\t\t<div class=\"elementor-post__card\">\n\t\t\t\t<a class=\"elementor-post__thumbnail__link\" href=\"https:\/\/www.giselecooking.com\/index.php\/2022\/03\/07\/riz-bulayi-ou-riz-rouge-a-la-congolaise\/\" >\n\t\t\t<div class=\"elementor-post__thumbnail\"><img loading=\"lazy\" decoding=\"async\" width=\"240\" height=\"300\" src=\"https:\/\/www.giselecooking.com\/wp-content\/uploads\/2022\/03\/IMG_20230316_164753_408-240x300.jpg\" class=\"attachment-medium size-medium\" alt=\"\" srcset=\"https:\/\/www.giselecooking.com\/wp-content\/uploads\/2022\/03\/IMG_20230316_164753_408-240x300.jpg 240w, https:\/\/www.giselecooking.com\/wp-content\/uploads\/2022\/03\/IMG_20230316_164753_408-819x1024.jpg 819w, https:\/\/www.giselecooking.com\/wp-content\/uploads\/2022\/03\/IMG_20230316_164753_408-768x960.jpg 768w, https:\/\/www.giselecooking.com\/wp-content\/uploads\/2022\/03\/IMG_20230316_164753_408-1229x1536.jpg 1229w, https:\/\/www.giselecooking.com\/wp-content\/uploads\/2022\/03\/IMG_20230316_164753_408-1638x2048.jpg 1638w, https:\/\/www.giselecooking.com\/wp-content\/uploads\/2022\/03\/IMG_20230316_164753_408-scaled.jpg 2048w\" sizes=\"auto, (max-width: 240px) 100vw, 240px\" \/><\/div>\n\t\t<\/a>\n\t\t\t\t<div class=\"elementor-post__badge\">F\u00e9culents<\/div>\n\t\t\t\t<div class=\"elementor-post__text\">\n\t\t\t\t<h3 class=\"elementor-post__title\">\n\t\t\t<a href=\"https:\/\/www.giselecooking.com\/index.php\/2022\/03\/07\/riz-bulayi-ou-riz-rouge-a-la-congolaise\/\" >\n\t\t\t\tRIZ BULAYI\/BOULAYI OU RIZ JOLLOF A LA CONGOLAISE\t\t\t<\/a>\n\t\t<\/h3>\n\t\t\t\t<div class=\"elementor-post__excerpt\">\n\t\t\t<p>Le riz rouge est un plat consomm\u00e9 dans plusieurs pays de l&rsquo;Afrique de l&rsquo;Ouest o\u00f9 on le retrouve sous diff\u00e9rentes appellations. Voici ma version.\u00a0<\/p>\n\t\t<\/div>\n\t\t\t\t\t<a class=\"elementor-post__read-more\" href=\"https:\/\/www.giselecooking.com\/index.php\/2022\/03\/07\/riz-bulayi-ou-riz-rouge-a-la-congolaise\/\" >\n\t\t\t\tLire Plus \u00bb\t\t\t<\/a>\n\t\t\t\t<\/div>\n\t\t\t\t<div class=\"elementor-post__meta-data\">\n\t\t\t\t\t<span class=\"elementor-post-date\">\n\t\t\t7 mars 2022\t\t<\/span>\n\t\t\t\t<\/div>\n\t\t\t\t\t<\/div>\n\t\t<\/article>\n\t\t\t\t<\/div>\n\t\t\t\t<\/div>\n\t\t\t\t<\/div>\n\t\t\t\t\t\t<\/div>\n\t\t\t\t\t<\/div>\n\t\t<\/div>\n\t\t\t\t\t\t\t\t<\/div>\n\t\t\t\t\t<\/div>\n\t\t<\/section>\n\t\t\t\t<section class=\"elementor-section elementor-top-section elementor-element elementor-element-16e6fed elementor-section-content-middle elementor-section-boxed elementor-section-height-default elementor-section-height-default\" data-id=\"16e6fed\" data-element_type=\"section\">\n\t\t\t\t\t\t<div class=\"elementor-container elementor-column-gap-no\">\n\t\t\t\t\t\t\t<div class=\"elementor-row\">\n\t\t\t\t\t<div class=\"elementor-column elementor-col-100 elementor-top-column elementor-element elementor-element-d78a2e0\" data-id=\"d78a2e0\" data-element_type=\"column\">\n\t\t\t<div class=\"elementor-column-wrap elementor-element-populated\">\n\t\t\t\t\t\t\t<div class=\"elementor-widget-wrap\">\n\t\t\t\t\t\t<div class=\"elementor-element elementor-element-f347ab8 elementor-widget elementor-widget-heading\" data-id=\"f347ab8\" data-element_type=\"widget\" data-widget_type=\"heading.default\">\n\t\t\t\t<div class=\"elementor-widget-container\">\n\t\t\t<h5 class=\"elementor-heading-title elementor-size-default\">Embarquez avec moi dans ce vol culinaire:<\/h5>\t\t<\/div>\n\t\t\t\t<\/div>\n\t\t\t\t<div class=\"elementor-element elementor-element-33067bb elementor-widget elementor-widget-heading\" data-id=\"33067bb\" data-element_type=\"widget\" data-widget_type=\"heading.default\">\n\t\t\t\t<div class=\"elementor-widget-container\">\n\t\t\t<h4 class=\"elementor-heading-title elementor-size-default\"><a href=\"http:\/\/contact@giselecooking.com\u200b\">contact@giselecooking.com<\/a><\/h4>\t\t<\/div>\n\t\t\t\t<\/div>\n\t\t\t\t<div class=\"elementor-element elementor-element-0234713 elementor-widget elementor-widget-wp-widget-zoom-social-icons-widget\" data-id=\"0234713\" data-element_type=\"widget\" data-widget_type=\"wp-widget-zoom-social-icons-widget.default\">\n\t\t\t\t<div class=\"elementor-widget-container\">\n\t\t\t\n\t\t\n<ul class=\"zoom-social-icons-list zoom-social-icons-list--without-canvas zoom-social-icons-list--round zoom-social-icons-list--align-center zoom-social-icons-list--no-labels\">\n\n\t\t\n\t\t\t\t<li class=\"zoom-social_icons-list__item\">\n\t\t<a class=\"zoom-social_icons-list__link\" href=\"https:\/\/www.facebook.com\/GiseleCooking\" target=\"_blank\" title=\"Facebook\" >\n\t\t\t\t\t\t\t\t\t\n\t\t\t\t\t\t<span class=\"screen-reader-text\">facebook<\/span>\n\t\t\t\n\t\t\t\t\t\t<span class=\"zoom-social_icons-list-span social-icon socicon socicon-facebook\" data-hover-rule=\"color\" data-hover-color=\"#a45857\" style=\"color : #3b5998; font-size: 26px; padding:5px\" ><\/span>\n\t\t\t\n\t\t\t\t\t<\/a>\n\t<\/li>\n\n\t\n\t\t\t\t<li class=\"zoom-social_icons-list__item\">\n\t\t<a class=\"zoom-social_icons-list__link\" href=\"https:\/\/www.instagram.com\/gisele_cooking\/\" target=\"_blank\" title=\"Twitter\" >\n\t\t\t\t\t\t\t\t\t\n\t\t\t\t\t\t<span class=\"screen-reader-text\">instagram<\/span>\n\t\t\t\n\t\t\t\t\t\t<span class=\"zoom-social_icons-list-span social-icon socicon socicon-instagram\" data-hover-rule=\"color\" data-hover-color=\"#a45857\" style=\"color : #e4405f; font-size: 26px; padding:5px\" ><\/span>\n\t\t\t\n\t\t\t\t\t<\/a>\n\t<\/li>\n\n\t\n\t\t\t\t<li class=\"zoom-social_icons-list__item\">\n\t\t<a class=\"zoom-social_icons-list__link\" href=\"https:\/\/www.tiktok.com\/@gisele_cooking.5\" target=\"_blank\" title=\"Instagram\" >\n\t\t\t\t\t\t\t\t\t\n\t\t\t\t\t\t<span class=\"screen-reader-text\">tiktok<\/span>\n\t\t\t\n\t\t\t\t\t\t<span class=\"zoom-social_icons-list-span social-icon socicon socicon-tiktok\" data-hover-rule=\"color\" data-hover-color=\"#a45857\" style=\"color : #000000; font-size: 26px; padding:5px\" ><\/span>\n\t\t\t\n\t\t\t\t\t<\/a>\n\t<\/li>\n\n\t\n<\/ul>\n\n\t\t\t\t<\/div>\n\t\t\t\t<\/div>\n\t\t\t\t\t\t<\/div>\n\t\t\t\t\t<\/div>\n\t\t<\/div>\n\t\t\t\t\t\t\t\t<\/div>\n\t\t\t\t\t<\/div>\n\t\t<\/section>\n\t\t\t\t\t\t<\/div>\n\t\t\t\t\t\t<\/div>\n\t\t\t\t\t<\/div>\n\t\t","protected":false},"excerpt":{"rendered":"<p>Cat\u00e9gorie&nbsp;: F\u00e9culents Embarquez avec moi dans ce vol culinaire: contact@giselecooking.com<\/p>\n","protected":false},"author":1,"featured_media":0,"parent":0,"menu_order":0,"comment_status":"closed","ping_status":"closed","template":"","meta":{"footnotes":""},"class_list":["post-539","page","type-page","status-publish","hentry"],"yoast_head":"<!-- This site is optimized with the Yoast SEO plugin v20.3 - https:\/\/yoast.com\/wordpress\/plugins\/seo\/ -->\n<title>F\u00e9culents - Gisele Cooking<\/title>\n<meta name=\"robots\" content=\"index, follow, max-snippet:-1, max-image-preview:large, max-video-preview:-1\" \/>\n<link rel=\"canonical\" href=\"https:\/\/www.giselecooking.com\/index.php\/feculents\/\" \/>\n<meta property=\"og:locale\" content=\"fr_FR\" \/>\n<meta property=\"og:type\" content=\"article\" \/>\n<meta property=\"og:title\" content=\"F\u00e9culents - Gisele Cooking\" \/>\n<meta property=\"og:description\" content=\"Cat\u00e9gorie&nbsp;: F\u00e9culents Embarquez avec moi dans ce vol culinaire: contact@giselecooking.com\" \/>\n<meta property=\"og:url\" content=\"https:\/\/www.giselecooking.com\/index.php\/feculents\/\" \/>\n<meta property=\"og:site_name\" content=\"Gisele Cooking\" \/>\n<meta property=\"article:modified_time\" content=\"2025-08-27T17:41:15+00:00\" \/>\n<meta name=\"twitter:card\" content=\"summary_large_image\" \/>\n<meta name=\"twitter:label1\" content=\"Dur\u00e9e de lecture estim\u00e9e\" \/>\n\t<meta name=\"twitter:data1\" content=\"1 minute\" \/>\n<script type=\"application\/ld+json\" class=\"yoast-schema-graph\">{\"@context\":\"https:\/\/schema.org\",\"@graph\":[{\"@type\":\"WebPage\",\"@id\":\"https:\/\/www.giselecooking.com\/index.php\/feculents\/\",\"url\":\"https:\/\/www.giselecooking.com\/index.php\/feculents\/\",\"name\":\"F\u00e9culents - Gisele Cooking\",\"isPartOf\":{\"@id\":\"http:\/\/www.giselecooking.com\/#website\"},\"datePublished\":\"2022-02-25T16:09:36+00:00\",\"dateModified\":\"2025-08-27T17:41:15+00:00\",\"breadcrumb\":{\"@id\":\"https:\/\/www.giselecooking.com\/index.php\/feculents\/#breadcrumb\"},\"inLanguage\":\"fr-FR\",\"potentialAction\":[{\"@type\":\"ReadAction\",\"target\":[\"https:\/\/www.giselecooking.com\/index.php\/feculents\/\"]}]},{\"@type\":\"BreadcrumbList\",\"@id\":\"https:\/\/www.giselecooking.com\/index.php\/feculents\/#breadcrumb\",\"itemListElement\":[{\"@type\":\"ListItem\",\"position\":1,\"name\":\"Accueil\",\"item\":\"http:\/\/www.giselecooking.com\/\"},{\"@type\":\"ListItem\",\"position\":2,\"name\":\"F\u00e9culents\"}]},{\"@type\":\"WebSite\",\"@id\":\"http:\/\/www.giselecooking.com\/#website\",\"url\":\"http:\/\/www.giselecooking.com\/\",\"name\":\"Gisele Cooking\",\"description\":\"\",\"publisher\":{\"@id\":\"http:\/\/www.giselecooking.com\/#organization\"},\"potentialAction\":[{\"@type\":\"SearchAction\",\"target\":{\"@type\":\"EntryPoint\",\"urlTemplate\":\"http:\/\/www.giselecooking.com\/?s={search_term_string}\"},\"query-input\":\"required name=search_term_string\"}],\"inLanguage\":\"fr-FR\"},{\"@type\":\"Organization\",\"@id\":\"http:\/\/www.giselecooking.com\/#organization\",\"name\":\"Gisele Cooking\",\"url\":\"http:\/\/www.giselecooking.com\/\",\"logo\":{\"@type\":\"ImageObject\",\"inLanguage\":\"fr-FR\",\"@id\":\"http:\/\/www.giselecooking.com\/#\/schema\/logo\/image\/\",\"url\":\"https:\/\/www.giselecooking.com\/wp-content\/uploads\/2022\/02\/cropped-Gisele-Cooking-Logo-Web-1.png\",\"contentUrl\":\"https:\/\/www.giselecooking.com\/wp-content\/uploads\/2022\/02\/cropped-Gisele-Cooking-Logo-Web-1.png\",\"width\":400,\"height\":283,\"caption\":\"Gisele Cooking\"},\"image\":{\"@id\":\"http:\/\/www.giselecooking.com\/#\/schema\/logo\/image\/\"}}]}<\/script>\n<!-- \/ Yoast SEO plugin. -->","yoast_head_json":{"title":"F\u00e9culents - Gisele Cooking","robots":{"index":"index","follow":"follow","max-snippet":"max-snippet:-1","max-image-preview":"max-image-preview:large","max-video-preview":"max-video-preview:-1"},"canonical":"https:\/\/www.giselecooking.com\/index.php\/feculents\/","og_locale":"fr_FR","og_type":"article","og_title":"F\u00e9culents - Gisele Cooking","og_description":"Cat\u00e9gorie&nbsp;: F\u00e9culents Embarquez avec moi dans ce vol culinaire: contact@giselecooking.com","og_url":"https:\/\/www.giselecooking.com\/index.php\/feculents\/","og_site_name":"Gisele Cooking","article_modified_time":"2025-08-27T17:41:15+00:00","twitter_card":"summary_large_image","twitter_misc":{"Dur\u00e9e de lecture estim\u00e9e":"1 minute"},"schema":{"@context":"https:\/\/schema.org","@graph":[{"@type":"WebPage","@id":"https:\/\/www.giselecooking.com\/index.php\/feculents\/","url":"https:\/\/www.giselecooking.com\/index.php\/feculents\/","name":"F\u00e9culents - Gisele Cooking","isPartOf":{"@id":"http:\/\/www.giselecooking.com\/#website"},"datePublished":"2022-02-25T16:09:36+00:00","dateModified":"2025-08-27T17:41:15+00:00","breadcrumb":{"@id":"https:\/\/www.giselecooking.com\/index.php\/feculents\/#breadcrumb"},"inLanguage":"fr-FR","potentialAction":[{"@type":"ReadAction","target":["https:\/\/www.giselecooking.com\/index.php\/feculents\/"]}]},{"@type":"BreadcrumbList","@id":"https:\/\/www.giselecooking.com\/index.php\/feculents\/#breadcrumb","itemListElement":[{"@type":"ListItem","position":1,"name":"Accueil","item":"http:\/\/www.giselecooking.com\/"},{"@type":"ListItem","position":2,"name":"F\u00e9culents"}]},{"@type":"WebSite","@id":"http:\/\/www.giselecooking.com\/#website","url":"http:\/\/www.giselecooking.com\/","name":"Gisele Cooking","description":"","publisher":{"@id":"http:\/\/www.giselecooking.com\/#organization"},"potentialAction":[{"@type":"SearchAction","target":{"@type":"EntryPoint","urlTemplate":"http:\/\/www.giselecooking.com\/?s={search_term_string}"},"query-input":"required name=search_term_string"}],"inLanguage":"fr-FR"},{"@type":"Organization","@id":"http:\/\/www.giselecooking.com\/#organization","name":"Gisele Cooking","url":"http:\/\/www.giselecooking.com\/","logo":{"@type":"ImageObject","inLanguage":"fr-FR","@id":"http:\/\/www.giselecooking.com\/#\/schema\/logo\/image\/","url":"https:\/\/www.giselecooking.com\/wp-content\/uploads\/2022\/02\/cropped-Gisele-Cooking-Logo-Web-1.png","contentUrl":"https:\/\/www.giselecooking.com\/wp-content\/uploads\/2022\/02\/cropped-Gisele-Cooking-Logo-Web-1.png","width":400,"height":283,"caption":"Gisele Cooking"},"image":{"@id":"http:\/\/www.giselecooking.com\/#\/schema\/logo\/image\/"}}]}},"_links":{"self":[{"href":"https:\/\/www.giselecooking.com\/index.php\/wp-json\/wp\/v2\/pages\/539","targetHints":{"allow":["GET"]}}],"collection":[{"href":"https:\/\/www.giselecooking.com\/index.php\/wp-json\/wp\/v2\/pages"}],"about":[{"href":"https:\/\/www.giselecooking.com\/index.php\/wp-json\/wp\/v2\/types\/page"}],"author":[{"embeddable":true,"href":"https:\/\/www.giselecooking.com\/index.php\/wp-json\/wp\/v2\/users\/1"}],"replies":[{"embeddable":true,"href":"https:\/\/www.giselecooking.com\/index.php\/wp-json\/wp\/v2\/comments?post=539"}],"version-history":[{"count":7,"href":"https:\/\/www.giselecooking.com\/index.php\/wp-json\/wp\/v2\/pages\/539\/revisions"}],"predecessor-version":[{"id":1007,"href":"https:\/\/www.giselecooking.com\/index.php\/wp-json\/wp\/v2\/pages\/539\/revisions\/1007"}],"wp:attachment":[{"href":"https:\/\/www.giselecooking.com\/index.php\/wp-json\/wp\/v2\/media?parent=539"}],"curies":[{"name":"wp","href":"https:\/\/api.w.org\/{rel}","templated":true}]}}